{"id":6323,"date":"2016-05-26T16:07:32","date_gmt":"2016-05-26T16:07:32","guid":{"rendered":"http:\/\/malagacabbie.com\/?page_id=459"},"modified":"2016-05-26T16:07:32","modified_gmt":"2016-05-26T16:07:32","slug":"privacidad","status":"publish","type":"page","link":"https:\/\/autosexi.com\/es\/privacidad\/","title":{"rendered":"Pol\u00edtica de Privacidad"},"content":{"rendered":"<p>Autosexi puede cambiar esta pol\u00edtica de vez en cuando al actualizar esta p\u00e1gina. Usted debe visitar esta p\u00e1gina de vez en cuando para asegurarse de que est\u00e1 satisfecho con los cambios.<\/p>\n<h2>Pol\u00edtica de Cookies<\/h2>\n<p>Esta pol\u00edtica de privacidad establece la manera en que Autosexi.com usa y protege cualquier informaci\u00f3n que usted nos proporcione cuando utiliza este sitio web. Autosexi se compromete a garantizar que su privacidad est\u00e1 protegida. Si debi\u00e9ramos pedirle que proporcione cierta informaci\u00f3n con la que pueda ser identificado al usar este sitio web, usted puede estar seguro que s\u00f3lo se utilizar\u00e1 de acuerdo con esta declaraci\u00f3n de privacidad.<\/p>\n<p>Autosexi puede cambiar esta pol\u00edtica de vez en cuando al actualizar esta p\u00e1gina. Usted debe visitar esta p\u00e1gina de vez en cuando para asegurarse de que est\u00e1 satisfecho con los cambios.<\/p>\n<h2>Renuncia de Google Analytics<\/h2>\n<p>Esta p\u00e1gina web utiliza Google Analytics, un servicio anal\u00edtico de web prestado por Google, Inc. (\u00abGoogle\u00bb). Google Analytics utiliza \u00abcookies\u00bb, que son archivos de texto ubicados en su ordenador para ayudar al website a analizar c\u00f3mo los usuarios utilizan el sitio. La informaci\u00f3n que genera la cookie acerca de su uso del website (incluyendo su direcci\u00f3n IP) ser\u00e1 directamente transmitida y archivada por Google en los servidores de Estados Unidos. Google usar\u00e1 esta informaci\u00f3n con el prop\u00f3sito de evaluar su uso del sitio web, recopilando informes de la actividad del sitio web y prestando otros servicios relacionados con la actividad del website y el uso de Internet. Google podr\u00e1 transmitir dicha informaci\u00f3n a terceros cuando as\u00ed se lo requiera la legislaci\u00f3n, o cuando dichos terceros procesen la informaci\u00f3n por cuenta de Google. Google no asociar\u00e1 su direcci\u00f3n IP con ning\u00fan otro dato del que disponga Google. Usted puede rechazar el uso de cookies mediante la selecci\u00f3n de la configuraci\u00f3n apropiada de su navegador, sin embargo, tenga en cuenta que si lo hace es posible que no sea capaz de utilizar toda la funcionalidad de este sitio web. Al utilizar este sitio web, usted consiente el tratamiento de informaci\u00f3n acerca de usted por Google en la forma y para los fines arriba indicados.<\/p>\n<p><strong>\u00bfQu\u00e9 informaci\u00f3n recopilamos de usted?<\/strong><\/p>\n<p>Podemos recopilar la siguiente informaci\u00f3n:<\/p>\n<ul>\n<li>Nombre<\/li>\n<li>Informaci\u00f3n de contacto de n\u00fameros de tel\u00e9fono y direcci\u00f3n de correo electr\u00f3nico<\/li>\n<li>Informaci\u00f3n demogr\u00e1fica como c\u00f3digo postal<\/li>\n<li>Cualquier informaci\u00f3n adicional, pero solo lo que nos es permitido para llevar a cabo servicios para usted<\/li>\n<\/ul>\n<p><strong>\u00bfQu\u00e9 hacemos con la informaci\u00f3n que obtenemos?<\/strong><\/p>\n<p>Necesitamos esta informaci\u00f3n para conocer sus necesidades y ofrecerle un mejor servicio y, en particular, por las siguientes razones:<\/p>\n<ul>\n<li>Para el mantenimiento de registros internos<\/li>\n<li>Informaci\u00f3n para mejorar nuestros servicios<\/li>\n<li>Eliminaci\u00f3n o cambio de informaci\u00f3n<\/li>\n<\/ul>\n<p>Solo usaremos esta informaci\u00f3n para los fines arriba indicados si ha indicado que dese que utilicemos su informaci\u00f3n de esta manera al momento de presentar sus datos. Adem\u00e1s, si en cualquier momento desea que dejemos de usar su informaci\u00f3n para todos o algunos de los fines anteriormente mencionados, por favor h\u00e1ganoslo saber enviando un correo electr\u00f3nico a info@autosexi.com. Finalizaremos el uso de su informaci\u00f3n para tales prop\u00f3sitos tan pronto como sea razonablemente posible hacerlo. Si desea cambiar la informaci\u00f3n que nos proporciona, tambi\u00e9n puede enviarnos un correo a la direcci\u00f3n antes mencionada.<\/p>\n<h2>Contact<\/h2>\n<p>Cualquier pregunta sobre nuestra pol\u00edtica de privacidad, si\u00e9ntase libre de contactarnos v\u00eda:<\/p>\n<p>Tel\u00e9fono <a href=\"tel:+34677441628\" title=\"Autosexi - Ll\u00e1menos +34 677441628\" class=\"autosexi-link\" onclick=\"\nif((navigator.userAgent.match(\/Android|iPhone|iPad|iPod|Mobile\/i))!=null){return true}else{window.location.assign('https:\/\/autosexi.es');}\">+34 677 441 628<\/a>.<\/p>\n","protected":false},"excerpt":{"rendered":"<p>Autosexi puede cambiar esta pol\u00edtica de vez en cuando al actualizar esta p\u00e1gina. Usted debe visitar esta p\u00e1gina de vez en cuando para asegurarse de que est\u00e1 satisfecho con los cambios. Pol\u00edtica de Cookies Esta pol\u00edtica de privacidad establece la manera en que Autosexi.com usa y protege cualquier informaci\u00f3n que usted nos proporcione cuando utiliza [&hellip;]<\/p>\n","protected":false},"author":3,"featured_media":0,"parent":0,"menu_order":0,"comment_status":"closed","ping_status":"closed","template":"page-conditions.php","meta":{"_monsterinsights_skip_tracking":false,"_monsterinsights_sitenote_active":false,"_monsterinsights_sitenote_note":"","_monsterinsights_sitenote_category":0,"footnotes":""},"class_list":["post-6323","page","type-page","status-publish","hentry"],"yoast_head":"<!-- This site is optimized with the Yoast SEO plugin v27.3 - https:\/\/yoast.com\/product\/yoast-seo-wordpress\/ -->\n<title>Pol\u00edtica de Privacidad - AutoSexi Malaga Airport Transfers<\/title>\n<meta name=\"description\" content=\"AutoSexi Malaga Airport Transfers - Our Customers Recommend Us. You are important to us for this reason we have created the following Privacy Policy.\" \/>\n<meta name=\"robots\" content=\"index, follow, max-snippet:-1, max-image-preview:large, max-video-preview:-1\" \/>\n<link rel=\"canonical\" href=\"https:\/\/autosexi.com\/es\/privacidad\/\" \/>\n<meta property=\"og:locale\" content=\"es_ES\" \/>\n<meta property=\"og:type\" content=\"article\" \/>\n<meta property=\"og:title\" content=\"Pol\u00edtica de Privacidad - AutoSexi Malaga Airport Transfers\" \/>\n<meta property=\"og:description\" content=\"AutoSexi Malaga Airport Transfers - Our Customers Recommend Us. You are important to us for this reason we have created the following Privacy Policy.\" \/>\n<meta property=\"og:url\" content=\"https:\/\/autosexi.com\/es\/privacidad\/\" \/>\n<meta property=\"og:site_name\" content=\"AutoSexi Malaga Airport Transfers\" \/>\n<meta property=\"article:publisher\" content=\"https:\/\/www.facebook.com\/autosexisl\/\" \/>\n<meta name=\"twitter:card\" content=\"summary_large_image\" \/>\n<meta name=\"twitter:site\" content=\"@autosexi\" \/>\n<meta name=\"twitter:label1\" content=\"Tiempo de lectura\" \/>\n\t<meta name=\"twitter:data1\" content=\"3 minutos\" \/>\n<script type=\"application\/ld+json\" class=\"yoast-schema-graph\">{\"@context\":\"https:\\\/\\\/schema.org\",\"@graph\":[{\"@type\":\"WebPage\",\"@id\":\"https:\\\/\\\/autosexi.com\\\/es\\\/privacidad\\\/\",\"url\":\"https:\\\/\\\/autosexi.com\\\/es\\\/privacidad\\\/\",\"name\":\"Pol\u00edtica de Privacidad - AutoSexi Malaga Airport Transfers\",\"isPartOf\":{\"@id\":\"https:\\\/\\\/autosexi.com\\\/#website\"},\"datePublished\":\"2016-05-26T16:07:32+00:00\",\"description\":\"AutoSexi Malaga Airport Transfers - Our Customers Recommend Us. You are important to us for this reason we have created the following Privacy Policy.\",\"breadcrumb\":{\"@id\":\"https:\\\/\\\/autosexi.com\\\/es\\\/privacidad\\\/#breadcrumb\"},\"inLanguage\":\"es\",\"potentialAction\":[{\"@type\":\"ReadAction\",\"target\":[\"https:\\\/\\\/autosexi.com\\\/es\\\/privacidad\\\/\"]}]},{\"@type\":\"BreadcrumbList\",\"@id\":\"https:\\\/\\\/autosexi.com\\\/es\\\/privacidad\\\/#breadcrumb\",\"itemListElement\":[{\"@type\":\"ListItem\",\"position\":1,\"name\":\"Home\",\"item\":\"https:\\\/\\\/autosexi.com\\\/es\\\/\"},{\"@type\":\"ListItem\",\"position\":2,\"name\":\"Pol\u00edtica de Privacidad\"}]},{\"@type\":\"WebSite\",\"@id\":\"https:\\\/\\\/autosexi.com\\\/#website\",\"url\":\"https:\\\/\\\/autosexi.com\\\/\",\"name\":\"AutoSexi Malaga Airport Transfers\",\"description\":\"\",\"potentialAction\":[{\"@type\":\"SearchAction\",\"target\":{\"@type\":\"EntryPoint\",\"urlTemplate\":\"https:\\\/\\\/autosexi.com\\\/?s={search_term_string}\"},\"query-input\":{\"@type\":\"PropertyValueSpecification\",\"valueRequired\":true,\"valueName\":\"search_term_string\"}}],\"inLanguage\":\"es\"}]}<\/script>\n<!-- \/ Yoast SEO plugin. -->","yoast_head_json":{"title":"Pol\u00edtica de Privacidad - AutoSexi Malaga Airport Transfers","description":"AutoSexi Malaga Airport Transfers - Our Customers Recommend Us. You are important to us for this reason we have created the following Privacy Policy.","robots":{"index":"index","follow":"follow","max-snippet":"max-snippet:-1","max-image-preview":"max-image-preview:large","max-video-preview":"max-video-preview:-1"},"canonical":"https:\/\/autosexi.com\/es\/privacidad\/","og_locale":"es_ES","og_type":"article","og_title":"Pol\u00edtica de Privacidad - AutoSexi Malaga Airport Transfers","og_description":"AutoSexi Malaga Airport Transfers - Our Customers Recommend Us. You are important to us for this reason we have created the following Privacy Policy.","og_url":"https:\/\/autosexi.com\/es\/privacidad\/","og_site_name":"AutoSexi Malaga Airport Transfers","article_publisher":"https:\/\/www.facebook.com\/autosexisl\/","twitter_card":"summary_large_image","twitter_site":"@autosexi","twitter_misc":{"Tiempo de lectura":"3 minutos"},"schema":{"@context":"https:\/\/schema.org","@graph":[{"@type":"WebPage","@id":"https:\/\/autosexi.com\/es\/privacidad\/","url":"https:\/\/autosexi.com\/es\/privacidad\/","name":"Pol\u00edtica de Privacidad - AutoSexi Malaga Airport Transfers","isPartOf":{"@id":"https:\/\/autosexi.com\/#website"},"datePublished":"2016-05-26T16:07:32+00:00","description":"AutoSexi Malaga Airport Transfers - Our Customers Recommend Us. You are important to us for this reason we have created the following Privacy Policy.","breadcrumb":{"@id":"https:\/\/autosexi.com\/es\/privacidad\/#breadcrumb"},"inLanguage":"es","potentialAction":[{"@type":"ReadAction","target":["https:\/\/autosexi.com\/es\/privacidad\/"]}]},{"@type":"BreadcrumbList","@id":"https:\/\/autosexi.com\/es\/privacidad\/#breadcrumb","itemListElement":[{"@type":"ListItem","position":1,"name":"Home","item":"https:\/\/autosexi.com\/es\/"},{"@type":"ListItem","position":2,"name":"Pol\u00edtica de Privacidad"}]},{"@type":"WebSite","@id":"https:\/\/autosexi.com\/#website","url":"https:\/\/autosexi.com\/","name":"AutoSexi Malaga Airport Transfers","description":"","potentialAction":[{"@type":"SearchAction","target":{"@type":"EntryPoint","urlTemplate":"https:\/\/autosexi.com\/?s={search_term_string}"},"query-input":{"@type":"PropertyValueSpecification","valueRequired":true,"valueName":"search_term_string"}}],"inLanguage":"es"}]}},"_links":{"self":[{"href":"https:\/\/autosexi.com\/es\/wp-json\/wp\/v2\/pages\/6323","targetHints":{"allow":["GET"]}}],"collection":[{"href":"https:\/\/autosexi.com\/es\/wp-json\/wp\/v2\/pages"}],"about":[{"href":"https:\/\/autosexi.com\/es\/wp-json\/wp\/v2\/types\/page"}],"author":[{"embeddable":true,"href":"https:\/\/autosexi.com\/es\/wp-json\/wp\/v2\/users\/3"}],"replies":[{"embeddable":true,"href":"https:\/\/autosexi.com\/es\/wp-json\/wp\/v2\/comments?post=6323"}],"version-history":[{"count":0,"href":"https:\/\/autosexi.com\/es\/wp-json\/wp\/v2\/pages\/6323\/revisions"}],"wp:attachment":[{"href":"https:\/\/autosexi.com\/es\/wp-json\/wp\/v2\/media?parent=6323"}],"curies":[{"name":"wp","href":"https:\/\/api.w.org\/{rel}","templated":true}]}}