{"id":6325,"date":"2016-06-01T08:52:11","date_gmt":"2016-06-01T08:52:11","guid":{"rendered":"http:\/\/malagacabbie.com\/?page_id=622"},"modified":"2020-05-20T07:14:29","modified_gmt":"2020-05-20T07:14:29","slug":"precios-low-cost","status":"publish","type":"page","link":"https:\/\/autosexi.com\/es\/precios-low-cost\/","title":{"rendered":"Tabla de Precios &#8211; Low Cost"},"content":{"rendered":"<h2>Tabla de precios para el Aeropuerto de M\u00e1laga (hacia\/desde)<\/h2>\n<p>AutoSexi proporciona asientos de ni\u00f1os de manera totalmente gratuita. Por favor, informe de la edad del ni\u00f1o\/a o ni\u00f1os\/as para que podamos proporcionarle el asiento m\u00e1s adecuado. Los veh\u00edculos <strong>Station Wagon<\/strong>, o similares, tienen un <strong>incremento de un 10%<\/strong> en el precio final comparado con el <strong>veh\u00edculo de 4 PAX.<\/strong><\/p>\n<p>Ofrecemos a todos nuestros clientes un 5% de descuento en todos nuestros trayectos de ida y un 10% de descuento en los trayectos de ida y vuelta. Este descuento no figura en el listado de precios. Una vez que usted haga una reserva, un miembro de nuestro equipo le confirmar\u00e1 su reserva aplic\u00e1ndole dicho descuento.<\/p>\n\n<table id=\"tablepress-3\" class=\"tablepress tablepress-id-3\">\n<thead>\n<tr class=\"row-1\">\n\t<th class=\"column-1\">DESTINO<\/th><th class=\"column-2\">4PAX LOW COST<\/th><th class=\"column-3\">5-7PAX LOW COST<\/th><th class=\"column-4\">8-20 PAX LOW COST<\/th>\n<\/tr>\n<\/thead>\n<tbody class=\"row-striping row-hover\">\n<tr class=\"row-2\">\n\t<td class=\"column-1\">ALCAIDESA<\/td><td class=\"column-2\">128<\/td><td class=\"column-3\">153<\/td><td class=\"column-4\">215<\/td>\n<\/tr>\n<tr class=\"row-3\">\n\t<td class=\"column-1\">ALGECIRAS<\/td><td class=\"column-2\">145<\/td><td class=\"column-3\">175<\/td><td class=\"column-4\">240<\/td>\n<\/tr>\n<tr class=\"row-4\">\n\t<td class=\"column-1\">ALHAURIN EL GRANDE<\/td><td class=\"column-2\">47<\/td><td class=\"column-3\">67<\/td><td class=\"column-4\">93<\/td>\n<\/tr>\n<tr class=\"row-5\">\n\t<td class=\"column-1\">ALMU\u00d1\u00c9CAR<\/td><td class=\"column-2\">105<\/td><td class=\"column-3\">140<\/td><td class=\"column-4\">250<\/td>\n<\/tr>\n<tr class=\"row-6\">\n\t<td class=\"column-1\">ANTEQUERA<\/td><td class=\"column-2\">74<\/td><td class=\"column-3\">115<\/td><td class=\"column-4\">133<\/td>\n<\/tr>\n<tr class=\"row-7\">\n\t<td class=\"column-1\">BENAHAVIS<\/td><td class=\"column-2\">84<\/td><td class=\"column-3\">135<\/td><td class=\"column-4\">160<\/td>\n<\/tr>\n<tr class=\"row-8\">\n\t<td class=\"column-1\">BENALM\u00c1DENA<\/td><td class=\"column-2\">51<\/td><td class=\"column-3\">69<\/td><td class=\"column-4\">89<\/td>\n<\/tr>\n<tr class=\"row-9\">\n\t<td class=\"column-1\">CALAHONDA<\/td><td class=\"column-2\">75<\/td><td class=\"column-3\">100<\/td><td class=\"column-4\">140<\/td>\n<\/tr>\n<tr class=\"row-10\">\n\t<td class=\"column-1\">CANCELADA<\/td><td class=\"column-2\">93<\/td><td class=\"column-3\">111<\/td><td class=\"column-4\">154<\/td>\n<\/tr>\n<tr class=\"row-11\">\n\t<td class=\"column-1\">COIN<\/td><td class=\"column-2\">62<\/td><td class=\"column-3\">105<\/td><td class=\"column-4\">124<\/td>\n<\/tr>\n<tr class=\"row-12\">\n\t<td class=\"column-1\">COMARES<\/td><td class=\"column-2\">72<\/td><td class=\"column-3\">110<\/td><td class=\"column-4\">155<\/td>\n<\/tr>\n<tr class=\"row-13\">\n\t<td class=\"column-1\">C\u00d3MPETA<\/td><td class=\"column-2\">69<\/td><td class=\"column-3\">89<\/td><td class=\"column-4\">124<\/td>\n<\/tr>\n<tr class=\"row-14\">\n\t<td class=\"column-1\">C\u00d3RDOBA<\/td><td class=\"column-2\">169<\/td><td class=\"column-3\">209<\/td><td class=\"column-4\">280<\/td>\n<\/tr>\n<tr class=\"row-15\">\n\t<td class=\"column-1\">DUQUESA<\/td><td class=\"column-2\">118<\/td><td class=\"column-3\">149<\/td><td class=\"column-4\">180<\/td>\n<\/tr>\n<tr class=\"row-16\">\n\t<td class=\"column-1\">ELVIRIA<\/td><td class=\"column-2\">77<\/td><td class=\"column-3\">98<\/td><td class=\"column-4\">136<\/td>\n<\/tr>\n<tr class=\"row-17\">\n\t<td class=\"column-1\">ESTEPONA<\/td><td class=\"column-2\">98<\/td><td class=\"column-3\">128<\/td><td class=\"column-4\">170<\/td>\n<\/tr>\n<tr class=\"row-18\">\n\t<td class=\"column-1\">FRIGILIANA<\/td><td class=\"column-2\">90<\/td><td class=\"column-3\">120<\/td><td class=\"column-4\">200<\/td>\n<\/tr>\n<tr class=\"row-19\">\n\t<td class=\"column-1\">FUENGIROLA<\/td><td class=\"column-2\">58<\/td><td class=\"column-3\">76<\/td><td class=\"column-4\">99<\/td>\n<\/tr>\n<tr class=\"row-20\">\n\t<td class=\"column-1\">GAUC\u00cdN<\/td><td class=\"column-2\">130<\/td><td class=\"column-3\">200<\/td><td class=\"column-4\">290<\/td>\n<\/tr>\n<tr class=\"row-21\">\n\t<td class=\"column-1\">GIBRALTAR BORDER<\/td><td class=\"column-2\">125<\/td><td class=\"column-3\">165<\/td><td class=\"column-4\">203<\/td>\n<\/tr>\n<tr class=\"row-22\">\n\t<td class=\"column-1\">GRANADA<\/td><td class=\"column-2\">170<\/td><td class=\"column-3\">205<\/td><td class=\"column-4\">280<\/td>\n<\/tr>\n<tr class=\"row-23\">\n\t<td class=\"column-1\">JEREZ<\/td><td class=\"column-2\">265<\/td><td class=\"column-3\">315<\/td><td class=\"column-4\">363<\/td>\n<\/tr>\n<tr class=\"row-24\">\n\t<td class=\"column-1\">LA HERRADURA<\/td><td class=\"column-2\">100<\/td><td class=\"column-3\">135<\/td><td class=\"column-4\">240<\/td>\n<\/tr>\n<tr class=\"row-25\">\n\t<td class=\"column-1\">MALAGA CITY CENTRE<\/td><td class=\"column-2\">38<\/td><td class=\"column-3\">60<\/td><td class=\"column-4\">80<\/td>\n<\/tr>\n<tr class=\"row-26\">\n\t<td class=\"column-1\">MALAGA CRUISE PORT<\/td><td class=\"column-2\">36<\/td><td class=\"column-3\">57<\/td><td class=\"column-4\">67<\/td>\n<\/tr>\n<tr class=\"row-27\">\n\t<td class=\"column-1\">MANILVA<\/td><td class=\"column-2\">94<\/td><td class=\"column-3\">145<\/td><td class=\"column-4\">179<\/td>\n<\/tr>\n<tr class=\"row-28\">\n\t<td class=\"column-1\">MARBELLA CENTRE<\/td><td class=\"column-2\">78<\/td><td class=\"column-3\">98<\/td><td class=\"column-4\">135<\/td>\n<\/tr>\n<tr class=\"row-29\">\n\t<td class=\"column-1\">HOTEL LA QUINTA (BENAHAVIS)\u00a0<\/td><td class=\"column-2\">69<\/td><td class=\"column-3\">105<\/td><td class=\"column-4\">139<\/td>\n<\/tr>\n<tr class=\"row-30\">\n\t<td class=\"column-1\">HOTEL VILLA PADIERNA (CANCELADA)\u00a0<\/td><td class=\"column-2\">83<\/td><td class=\"column-3\">130<\/td><td class=\"column-4\">155<\/td>\n<\/tr>\n<tr class=\"row-31\">\n\t<td class=\"column-1\">HOTEL SENATOR BANUS SPA (BENAMARA)<\/td><td class=\"column-2\">76<\/td><td class=\"column-3\">125<\/td><td class=\"column-4\">155<\/td>\n<\/tr>\n<tr class=\"row-32\">\n\t<td class=\"column-1\">MIJAS\u00a0<\/td><td class=\"column-2\">59<\/td><td class=\"column-3\">78<\/td><td class=\"column-4\">111<\/td>\n<\/tr>\n<tr class=\"row-33\">\n\t<td class=\"column-1\">MOTRIL<\/td><td class=\"column-2\">135<\/td><td class=\"column-3\">170<\/td><td class=\"column-4\">250<\/td>\n<\/tr>\n<tr class=\"row-34\">\n\t<td class=\"column-1\">NERJA<\/td><td class=\"column-2\">90<\/td><td class=\"column-3\">120<\/td><td class=\"column-4\">200<\/td>\n<\/tr>\n<tr class=\"row-35\">\n\t<td class=\"column-1\">NUEVA ANDALUCIA<\/td><td class=\"column-2\">73<\/td><td class=\"column-3\">114<\/td><td class=\"column-4\">150<\/td>\n<\/tr>\n<tr class=\"row-36\">\n\t<td class=\"column-1\">OJ\u00c9N<\/td><td class=\"column-2\">70<\/td><td class=\"column-3\">115<\/td><td class=\"column-4\">139<\/td>\n<\/tr>\n<tr class=\"row-37\">\n\t<td class=\"column-1\">PUERTO BANUS<\/td><td class=\"column-2\">73<\/td><td class=\"column-3\">114<\/td><td class=\"column-4\">150<\/td>\n<\/tr>\n<tr class=\"row-38\">\n\t<td class=\"column-1\">PUERTO DUQUESA<\/td><td class=\"column-2\">118<\/td><td class=\"column-3\">149<\/td><td class=\"column-4\">180<\/td>\n<\/tr>\n<tr class=\"row-39\">\n\t<td class=\"column-1\">RONDA<\/td><td class=\"column-2\">116<\/td><td class=\"column-3\">165<\/td><td class=\"column-4\">194<\/td>\n<\/tr>\n<tr class=\"row-40\">\n\t<td class=\"column-1\">SABINILLAS<\/td><td class=\"column-2\">94<\/td><td class=\"column-3\">145<\/td><td class=\"column-4\">180<\/td>\n<\/tr>\n<tr class=\"row-41\">\n\t<td class=\"column-1\">SALOBRE\u00d1A<\/td><td class=\"column-2\">120<\/td><td class=\"column-3\">155<\/td><td class=\"column-4\">250<\/td>\n<\/tr>\n<tr class=\"row-42\">\n\t<td class=\"column-1\">SAN PEDRO<\/td><td class=\"column-2\">70<\/td><td class=\"column-3\">120<\/td><td class=\"column-4\">150<\/td>\n<\/tr>\n<tr class=\"row-43\">\n\t<td class=\"column-1\">SEVILLA<\/td><td class=\"column-2\">290<\/td><td class=\"column-3\">345<\/td><td class=\"column-4\">480<\/td>\n<\/tr>\n<tr class=\"row-44\">\n\t<td class=\"column-1\">SIERRA NEVADA<\/td><td class=\"column-2\">221<\/td><td class=\"column-3\">253<\/td><td class=\"column-4\">295<\/td>\n<\/tr>\n<tr class=\"row-45\">\n\t<td class=\"column-1\">SOTOGRANDE<\/td><td class=\"column-2\">115<\/td><td class=\"column-3\">145<\/td><td class=\"column-4\">194<\/td>\n<\/tr>\n<tr class=\"row-46\">\n\t<td class=\"column-1\">TARIFA<\/td><td class=\"column-2\">157<\/td><td class=\"column-3\">208<\/td><td class=\"column-4\">293<\/td>\n<\/tr>\n<tr class=\"row-47\">\n\t<td class=\"column-1\">TORREMOLINOS<\/td><td class=\"column-2\">43<\/td><td class=\"column-3\">59<\/td><td class=\"column-4\">69<\/td>\n<\/tr>\n<tr class=\"row-48\">\n\t<td class=\"column-1\">TORROX<\/td><td class=\"column-2\">80<\/td><td class=\"column-3\">120<\/td><td class=\"column-4\">200<\/td>\n<\/tr>\n<tr class=\"row-49\">\n\t<td class=\"column-1\">V\u00c9LEZ MALAGA<\/td><td class=\"column-2\">65<\/td><td class=\"column-3\">85<\/td><td class=\"column-4\">123<\/td>\n<\/tr>\n<tr class=\"row-50\">\n\t<td class=\"column-1\">VI\u00d1UELA<\/td><td class=\"column-2\">58<\/td><td class=\"column-3\">88<\/td><td class=\"column-4\">119<br \/>\n<\/td>\n<\/tr>\n<\/tbody>\n<\/table>\n<!-- #tablepress-3 from cache -->\n<p>AutoSexi ofrece las tarifas m\u00e1s econ\u00f3micas para la misma calidad de servicio. Todos nuestros precios anteriormente mencionados son aplicables a la ciudad de M\u00e1laga para traslados desde o hacia el puerto as\u00ed como la estaci\u00f3n de tren. El pago se efectuar\u00e1 a su conductor en euros. Su conductor sabr\u00e1 de antemano el precio del servicio.<\/p>\n","protected":false},"excerpt":{"rendered":"<p>Tabla de precios para el Aeropuerto de M\u00e1laga (hacia\/desde) AutoSexi proporciona asientos de ni\u00f1os de manera totalmente gratuita. Por favor, informe de la edad del ni\u00f1o\/a o ni\u00f1os\/as para que podamos proporcionarle el asiento m\u00e1s adecuado. Los veh\u00edculos Station Wagon, o similares, tienen un incremento de un 10% en el precio final comparado con el [&hellip;]<\/p>\n","protected":false},"author":3,"featured_media":0,"parent":0,"menu_order":0,"comment_status":"closed","ping_status":"closed","template":"page-malaga-prices.php","meta":{"_monsterinsights_skip_tracking":false,"_monsterinsights_sitenote_active":false,"_monsterinsights_sitenote_note":"","_monsterinsights_sitenote_category":0,"footnotes":""},"class_list":["post-6325","page","type-page","status-publish","hentry"],"yoast_head":"<!-- This site is optimized with the Yoast SEO plugin v27.3 - https:\/\/yoast.com\/product\/yoast-seo-wordpress\/ -->\n<title>AutoSexi Malaga Airport Transfers - Price from\/to Malaga Airport<\/title>\n<meta name=\"description\" content=\"AutoSexi Malaga Airport Transfers - Our Customers Recommend Us. No hidden fees, no credit cards, no deposits required. Save your time &amp; money. Book now!\" \/>\n<meta name=\"robots\" content=\"index, follow, max-snippet:-1, max-image-preview:large, max-video-preview:-1\" \/>\n<link rel=\"canonical\" href=\"https:\/\/autosexi.com\/es\/precios-low-cost\/\" \/>\n<meta property=\"og:locale\" content=\"es_ES\" \/>\n<meta property=\"og:type\" content=\"article\" \/>\n<meta property=\"og:title\" content=\"AutoSexi Malaga Airport Transfers - Price from\/to Malaga Airport\" \/>\n<meta property=\"og:description\" content=\"AutoSexi Malaga Airport Transfers - Our Customers Recommend Us. No hidden fees, no credit cards, no deposits required. Save your time &amp; money. Book now!\" \/>\n<meta property=\"og:url\" content=\"https:\/\/autosexi.com\/es\/precios-low-cost\/\" \/>\n<meta property=\"og:site_name\" content=\"AutoSexi Malaga Airport Transfers\" \/>\n<meta property=\"article:publisher\" content=\"https:\/\/www.facebook.com\/autosexisl\/\" \/>\n<meta property=\"article:modified_time\" content=\"2020-05-20T07:14:29+00:00\" \/>\n<meta name=\"twitter:card\" content=\"summary_large_image\" \/>\n<meta name=\"twitter:site\" content=\"@autosexi\" \/>\n<meta name=\"twitter:label1\" content=\"Tiempo de lectura\" \/>\n\t<meta name=\"twitter:data1\" content=\"1 minuto\" \/>\n<script type=\"application\/ld+json\" class=\"yoast-schema-graph\">{\"@context\":\"https:\\\/\\\/schema.org\",\"@graph\":[{\"@type\":\"WebPage\",\"@id\":\"https:\\\/\\\/autosexi.com\\\/es\\\/precios-low-cost\\\/\",\"url\":\"https:\\\/\\\/autosexi.com\\\/es\\\/precios-low-cost\\\/\",\"name\":\"AutoSexi Malaga Airport Transfers - Price from\\\/to Malaga Airport\",\"isPartOf\":{\"@id\":\"https:\\\/\\\/autosexi.com\\\/#website\"},\"datePublished\":\"2016-06-01T08:52:11+00:00\",\"dateModified\":\"2020-05-20T07:14:29+00:00\",\"description\":\"AutoSexi Malaga Airport Transfers - Our Customers Recommend Us. No hidden fees, no credit cards, no deposits required. Save your time & money. Book now!\",\"breadcrumb\":{\"@id\":\"https:\\\/\\\/autosexi.com\\\/es\\\/precios-low-cost\\\/#breadcrumb\"},\"inLanguage\":\"es\",\"potentialAction\":[{\"@type\":\"ReadAction\",\"target\":[\"https:\\\/\\\/autosexi.com\\\/es\\\/precios-low-cost\\\/\"]}]},{\"@type\":\"BreadcrumbList\",\"@id\":\"https:\\\/\\\/autosexi.com\\\/es\\\/precios-low-cost\\\/#breadcrumb\",\"itemListElement\":[{\"@type\":\"ListItem\",\"position\":1,\"name\":\"Home\",\"item\":\"https:\\\/\\\/autosexi.com\\\/es\\\/\"},{\"@type\":\"ListItem\",\"position\":2,\"name\":\"Tabla de Precios &#8211; Low Cost\"}]},{\"@type\":\"WebSite\",\"@id\":\"https:\\\/\\\/autosexi.com\\\/#website\",\"url\":\"https:\\\/\\\/autosexi.com\\\/\",\"name\":\"AutoSexi Malaga Airport Transfers\",\"description\":\"\",\"potentialAction\":[{\"@type\":\"SearchAction\",\"target\":{\"@type\":\"EntryPoint\",\"urlTemplate\":\"https:\\\/\\\/autosexi.com\\\/?s={search_term_string}\"},\"query-input\":{\"@type\":\"PropertyValueSpecification\",\"valueRequired\":true,\"valueName\":\"search_term_string\"}}],\"inLanguage\":\"es\"}]}<\/script>\n<!-- \/ Yoast SEO plugin. -->","yoast_head_json":{"title":"AutoSexi Malaga Airport Transfers - Price from\/to Malaga Airport","description":"AutoSexi Malaga Airport Transfers - Our Customers Recommend Us. No hidden fees, no credit cards, no deposits required. Save your time & money. Book now!","robots":{"index":"index","follow":"follow","max-snippet":"max-snippet:-1","max-image-preview":"max-image-preview:large","max-video-preview":"max-video-preview:-1"},"canonical":"https:\/\/autosexi.com\/es\/precios-low-cost\/","og_locale":"es_ES","og_type":"article","og_title":"AutoSexi Malaga Airport Transfers - Price from\/to Malaga Airport","og_description":"AutoSexi Malaga Airport Transfers - Our Customers Recommend Us. No hidden fees, no credit cards, no deposits required. Save your time & money. Book now!","og_url":"https:\/\/autosexi.com\/es\/precios-low-cost\/","og_site_name":"AutoSexi Malaga Airport Transfers","article_publisher":"https:\/\/www.facebook.com\/autosexisl\/","article_modified_time":"2020-05-20T07:14:29+00:00","twitter_card":"summary_large_image","twitter_site":"@autosexi","twitter_misc":{"Tiempo de lectura":"1 minuto"},"schema":{"@context":"https:\/\/schema.org","@graph":[{"@type":"WebPage","@id":"https:\/\/autosexi.com\/es\/precios-low-cost\/","url":"https:\/\/autosexi.com\/es\/precios-low-cost\/","name":"AutoSexi Malaga Airport Transfers - Price from\/to Malaga Airport","isPartOf":{"@id":"https:\/\/autosexi.com\/#website"},"datePublished":"2016-06-01T08:52:11+00:00","dateModified":"2020-05-20T07:14:29+00:00","description":"AutoSexi Malaga Airport Transfers - Our Customers Recommend Us. No hidden fees, no credit cards, no deposits required. Save your time & money. Book now!","breadcrumb":{"@id":"https:\/\/autosexi.com\/es\/precios-low-cost\/#breadcrumb"},"inLanguage":"es","potentialAction":[{"@type":"ReadAction","target":["https:\/\/autosexi.com\/es\/precios-low-cost\/"]}]},{"@type":"BreadcrumbList","@id":"https:\/\/autosexi.com\/es\/precios-low-cost\/#breadcrumb","itemListElement":[{"@type":"ListItem","position":1,"name":"Home","item":"https:\/\/autosexi.com\/es\/"},{"@type":"ListItem","position":2,"name":"Tabla de Precios &#8211; Low Cost"}]},{"@type":"WebSite","@id":"https:\/\/autosexi.com\/#website","url":"https:\/\/autosexi.com\/","name":"AutoSexi Malaga Airport Transfers","description":"","potentialAction":[{"@type":"SearchAction","target":{"@type":"EntryPoint","urlTemplate":"https:\/\/autosexi.com\/?s={search_term_string}"},"query-input":{"@type":"PropertyValueSpecification","valueRequired":true,"valueName":"search_term_string"}}],"inLanguage":"es"}]}},"_links":{"self":[{"href":"https:\/\/autosexi.com\/es\/wp-json\/wp\/v2\/pages\/6325","targetHints":{"allow":["GET"]}}],"collection":[{"href":"https:\/\/autosexi.com\/es\/wp-json\/wp\/v2\/pages"}],"about":[{"href":"https:\/\/autosexi.com\/es\/wp-json\/wp\/v2\/types\/page"}],"author":[{"embeddable":true,"href":"https:\/\/autosexi.com\/es\/wp-json\/wp\/v2\/users\/3"}],"replies":[{"embeddable":true,"href":"https:\/\/autosexi.com\/es\/wp-json\/wp\/v2\/comments?post=6325"}],"version-history":[{"count":4,"href":"https:\/\/autosexi.com\/es\/wp-json\/wp\/v2\/pages\/6325\/revisions"}],"predecessor-version":[{"id":6662,"href":"https:\/\/autosexi.com\/es\/wp-json\/wp\/v2\/pages\/6325\/revisions\/6662"}],"wp:attachment":[{"href":"https:\/\/autosexi.com\/es\/wp-json\/wp\/v2\/media?parent=6325"}],"curies":[{"name":"wp","href":"https:\/\/api.w.org\/{rel}","templated":true}]}}