{"id":6326,"date":"2016-08-20T20:06:25","date_gmt":"2016-08-20T18:06:25","guid":{"rendered":"http:\/\/www.autosexi.com\/?page_id=6021"},"modified":"2016-08-20T20:06:25","modified_gmt":"2016-08-20T18:06:25","slug":"sobre-nosotros","status":"publish","type":"page","link":"https:\/\/autosexi.com\/es\/sobre-nosotros\/","title":{"rendered":"Sobre Nosotros"},"content":{"rendered":"<p>Desde que iniciamos actividad, AutoSexi es una empresa familiar. Proporcionamos servicio privado de traslados al Aeropuerto de M\u00e1laga con todas las licencias exigidas y seguros obligatorios de taxis. Todos nuestros servicios discrecionales son de puerta a puerta. Cuando reserva con nosotros, obtiene un coche impecablemente limpio para usted y sus acompa\u00f1antes.<\/p>\n<p>AutoSexi ha estado realizando, desde los a\u00f1os 80, un servicio fiable de traslados para el Aeropuerto de M\u00e1laga. Nuestro objetivo es proporcionar a todos nuestros clientes un servicio de confianza, seguro, puntual y de calidad a un precio asumible.<\/p>\n<p>Sabemos lo importante que es para nuestros clientes que al llegar al Aeropuerto de M\u00e1laga, despu\u00e9s de un largo y agotador d\u00eda, que un conductor elegantemente vestido est\u00e9 esper\u00e1ndole con su nombre en un cartel recibi\u00e9ndole con una c\u00e1lida sonrisa.<\/p>\n<p>En AutoSexi intentamos al m\u00e1ximo proporcionarle el mejor inicio posible a sus bien merecidas vacaciones. Por ese motivo nuestros conductores realizan un seguimiento de su vuelo con una moderna App para asegurar que estar\u00e1n esper\u00e1ndole tan pronto como su vuelo haya llegado, con independencia de un eventual adelanto o retraso en el aterrizaje, sin ning\u00fan coste extra por ello.<\/p>\n<p>Todos nuestros veh\u00edculos cumplen con las exigencias legales as\u00ed como seguros obligatorios y est\u00e1n equipados con aire acondicionado. <\/p>\n<p>Recordamos no obstante que no est\u00e1 permitido fumar en ellos.<\/p>\n<h2>Nuestros conductores son:<\/h2>\n<ul>\n<li>Biling\u00fces<\/li>\n<li>Perfectamente uniformados<\/li>\n<li>Puntuales, de confianza, profesionales y prudentes.<\/li>\n<li>Amables y serviciales<\/li>\n<\/ul>\n<h2>\u00bfPor que nos llamamos Autosexi?<\/h2>\n<p>Almu\u00f1\u00e9car se origin\u00f3 como una colonia fenicia llamada Sexi de manera que a\u00fan hoy a sus habitantes se les conoce como sexitanos. Bajo dominio musulm\u00e1n, Almu\u00f1\u00e9car floreci\u00f3 como el pueblo pesquero de Al-Munakkab. La historia fenicia y romana de la zona era conocida a partir de fuentes griegas y romanas pero no fue hasta la d\u00e9cada de los a\u00f1os 50 del siglo pasado en que significativas evidencias arqueol\u00f3gicas fueron descubiertas.<\/p>\n<h3>\u00c9poca Fenicia<\/h3>\n<p>Los fenicios establecieron su primera colonia en la pen\u00ednsula ib\u00e9rica en Almu\u00f1\u00e9car aproximadamente en el a\u00f1o 800 aC y durante 600 a\u00f1os se desarroll\u00f3 un importante puerto, con el nombre de Ex o Sexi, y con una importante factor\u00eda de salaz\u00f3n de pescado e industria de curtidos lleg\u00f3 a ser un importante proveedor de estos productos para Grecia y Roma.<\/p>\n<p>As\u00ed mismo se exportaba una pasta de pescado llamada Garum hecha con el producto de la fermentaci\u00f3n de v\u00edsceras de pescado mezclada con diversos productos como sal y aceite.<\/p>\n<p>Existen evidencias arqueol\u00f3gicas procedentes del cementerio fenicio, la temprana necr\u00f3polis Laurita en la ladera del Cerro de San Crist\u00f3bal y la posterior necr\u00f3polis de Puente de Noy. Una extensa colecci\u00f3n de objetos fenicios de culto religioso y otro tipo de objetos se muestran en el museo local en el Castillo de San Miguel y en la Cueva de Siete Palacios.<\/p>\n<h3>\u00c9poca Romana<\/h3>\n<p>Los romanos llegaron al sur de Espa\u00f1a en los tiempos de la segunda Guerra P\u00fanica entre Roma y C\u00e1rtago en el a\u00f1o 218 aC, como parte de su campa\u00f1a para someter los asentamientos fenicios a lo largo de la costa mediterr\u00e1nea. Durante 700 a\u00f1os de colonialismo romano, la poblaci\u00f3n y su industria prosper\u00f3, y en el a\u00f1o 49 ante de Cristo se le otorg\u00f3 al municipio (una de las 20 ciudades honradas en Espa\u00f1a en ese momento) el t\u00edtulo de Firmium Julium Sexi en reconocimiento a la lealtad de la ciudad a Roma.<\/p>\n<p>En los a\u00f1os 1970 y 1980 grandes evidencias arqueol\u00f3gicas de industria de salaz\u00f3n de pescado y curado fueron descubiertas en excavaciones del extenso jard\u00edn bot\u00e1nico del Majuelo. \u00c9stos revelaron la gran extensi\u00f3n de la reconstrucci\u00f3n  y modernizaci\u00f3n de la industria bajo dominio romano. Un segmento del lugar ha sido cuidadosamente conservado, dando idea del tama\u00f1o de la industria. Dicha industria requer\u00eda no solo una gran cantidad de pescado y sal marina, producida en varios lugares a lo largo de la costa, si no tambi\u00e9n de un constante suministro de agua dulce corriente.<\/p>\n<p>Para satisfacer dicha demanda, los romanos construyeron en el siglo 1 dC m\u00e1s de 6 kil\u00f3metros de conducci\u00f3n de agua en los valles del Rio Seco y Rio Verde, entre ellos 5 importantes acueductos. Sorprend\u00e9ntemente todos siguen en pie y cuatro de ellos est\u00e1n todav\u00eda en uso 2000 a\u00f1os despu\u00e9s, adaptados por lo \u00e1rabes durante siglos para servir las necesidades de riego de cultivos. El suministro de agua romana tambi\u00e9n sirvi\u00f3 a la ciudad y las recientes excavaciones en el centro de la ciudad han descubierto el acueducto y los ba\u00f1os romanos.<\/p>\n<p>Los romanos fueron probablemente los primeros en fortificar el Castillo de San Miguel, aunque las frecuentes reconstrucciones han destruido la mayor\u00eda de las extensas fortificaciones romanas. Estas incluyen un puente desde el castillo hasta el Pe\u00f1\u00f3n del Santo con un gran arco de 30 metros que sobrevivi\u00f3 al menos hasta 1800.<\/p>\n<p>Justo debajo del castillo, en la ladera del terreno, se encuentra la Cueva de Siete Palacios. Sin embargo no es en realidad una cueva, sino que es el m\u00e1s grande remanente de un palacio romano que a\u00fan pudo ser encontrado en Almu\u00f1\u00e9car, habiendo sobrevivido durante cientos de a\u00f1os como vivienda social, hasta que los habitantes de la \u201ccueva\u201d volvieron a ser alojados en la d\u00e9cada del a\u00f1o 1970. Solo entonces sus verdaderos or\u00edgenes se hacen evidentes. En la actualidad alberga el museo de la ciudad.<\/p>\n<p>Otros importantes restos romanos son el puente de Cotobro y tumbas romanas en distintos lugares.<\/p>\n<h3>\u00c9poca Visigoda<\/h3>\n<p>Con el declive del imperio romano de occidente en el siglo V, pueblos germanos, incluyendo los visigodos, cruzaron la cordillera de los Pirineos accediendo a la Pen\u00ednsula Ib\u00e9rica. A partir del a\u00f1o 456 los Visigodos emergieron como potencia dominante y expandieron su territorio en el suroeste de la costa mediterr\u00e1nea. Sin embargo, Hispania se mantuvo relativamente romanizada bajo su dominio.<\/p>\n<p>Los visigodos adoptaron la cultura y la lengua romana as\u00ed como mantuvieron muchas de las antiguas instituciones romanas, aunque gran parte de la estructura econ\u00f3mica se derrumb\u00f3 y la industria de salaz\u00f3n y curado de pescado de Almu\u00f1\u00e9car experiment\u00f3 una profunda depresi\u00f3n.<\/p>\n<p>Los obispos cat\u00f3licos fueron los grandes rivales del poder y la cultura visigoda hasta el final del sigo VI e inicios del siglo VII, periodo de transici\u00f3n del arrianismo al catolicismo en el reino visigodo.<\/p>\n<h3>\u00c9poca Musulmana<\/h3>\n<p>La primera invasi\u00f3n \u00e1rabe del sur de Espa\u00f1a sucedi\u00f3 en el a\u00f1o 711 dC en las proximidades de Gibraltar. Almu\u00f1\u00e9car se recuerda el 15 de agosto del a\u00f1o 755 cuando el Omeya Ab dar-Rahman I de Damasco, fundador del Emirato de C\u00f3rdoba, arrib\u00f3 desde el norte de \u00c1frica para establecer el reino \u00e1rabe.<\/p>\n<p>Los musulmanes introdujeron el cultivo de la ca\u00f1a de az\u00facar y mantuvieron la industria pesquera; muchas de las calles y edificios de la antigua ciudad fueron desarrollados por los \u00e1rabes.<br \/>\nEl castillo se mantuvo como la fortaleza de la ciudad as\u00ed como la sede del gobierno. Sus muros fueron reforzados. Adem\u00e1s, extensas mazmorras fueron constru\u00eddas para aquellos que cayeron en desgracia con los gobernantes locales as\u00ed como ba\u00f1os para uso de la \u00e9lite social.<\/p>\n<p>La cruz del Pe\u00f1\u00f3n del Santo, la roca en la antigua entrada del puerto, marca la derrota de los \u00e1rabes, su rendici\u00f3n en Almu\u00f1\u00e9car y el retorno del cristianismo en 1489, seguido de un siglo de coexistencia<\/p>\n<h3>\u00c9poca Cristiana<\/h3>\n<p>Tras la restauraci\u00f3n de la dominaci\u00f3n cristiana, se establecieron nuevas obras arquitect\u00f3nicas, como por ejemplo, la construcci\u00f3n de la nueva Iglesia cuya construcci\u00f3n se inici\u00f3 en 1557 y se culmin\u00f3 en su dise\u00f1o final hacia el a\u00f1o 1600, siendo la primera iglesia de estilo barroco en la provincia de Granada.<\/p>\n<p>El casco antiguo tambi\u00e9n fue cristianizado (o quiz\u00e1 paganizado por la diosa de la fertilidad), as\u00ed como la construcci\u00f3n de la fuente de agua de la Calle Real, fechada en el a\u00f1o 1559, aunque de uso anterior ya que exist\u00eda un suministro de agua instalado por los romanos desde Las Angosturas desde 1500 a\u00f1os antes.<\/p>\n<p>El castillo fue reconstru\u00eddo y sufri\u00f3 fuertes modificaciones,  administrado por el patronato de San Miguel. Fue reconstru\u00eddo y fortificado por el rey cristiano Carlos III y el \u00faltimo en defenderlo contra los franceses en las Guerras Napole\u00f3nicas. Solo una torre fue destru\u00edda en parte, al rev\u00e9s que las edificaciones interiores que fueron pr\u00e1cticamente arrasadas. Esto fue as\u00ed por la acci\u00f3n de la tripulaci\u00f3n del barco birt\u00e1nico HMS Hyacinth, actuando en colaboraci\u00f3n con los partisanos espa\u00f1oles de Nerja el 27 de Mayo de 1812. Obligaron a la guarnici\u00f3n francesa a huir, intentando \u00e9stos \u00faltimos tratar de inutilizar el castillo aunque con poco \u00e9xito ya que la p\u00f3lvora estaba h\u00fameda. Sin embargo, se dio fin al uso del castillo como fortaleza militar y tras un brote de c\u00f3lera en el a\u00f1o 1830 el castillo se convirti\u00f3 en el cementerio de la ciudad hasta el a\u00f1o 1986, en que dicho cementerio se traslad\u00f3 fuera de la fortaleza para permitir su restauraci\u00f3n que todav\u00eda est\u00e1 en curso.<\/p>\n<p>En 1562 una flota espa\u00f1ola se hundi\u00f3 en una tormenta en la bah\u00eda de La Herradura.<\/p>\n","protected":false},"excerpt":{"rendered":"<p>Desde que iniciamos actividad, AutoSexi es una empresa familiar. Proporcionamos servicio privado de traslados al Aeropuerto de M\u00e1laga con todas las licencias exigidas y seguros obligatorios de taxis. Todos nuestros servicios discrecionales son de puerta a puerta. Cuando reserva con nosotros, obtiene un coche impecablemente limpio para usted y sus acompa\u00f1antes. AutoSexi ha estado realizando, [&hellip;]<\/p>\n","protected":false},"author":3,"featured_media":0,"parent":0,"menu_order":0,"comment_status":"closed","ping_status":"closed","template":"page-about.php","meta":{"_monsterinsights_skip_tracking":false,"_monsterinsights_sitenote_active":false,"_monsterinsights_sitenote_note":"","_monsterinsights_sitenote_category":0,"footnotes":""},"class_list":["post-6326","page","type-page","status-publish","hentry"],"yoast_head":"<!-- This site is optimized with the Yoast SEO plugin v27.3 - https:\/\/yoast.com\/product\/yoast-seo-wordpress\/ -->\n<title>Sobre Nosotros - AutoSexi Malaga Airport Transfers<\/title>\n<meta name=\"robots\" content=\"index, follow, max-snippet:-1, max-image-preview:large, max-video-preview:-1\" \/>\n<link rel=\"canonical\" href=\"https:\/\/autosexi.com\/es\/sobre-nosotros\/\" \/>\n<meta property=\"og:locale\" content=\"es_ES\" \/>\n<meta property=\"og:type\" content=\"article\" \/>\n<meta property=\"og:title\" content=\"Sobre Nosotros - AutoSexi Malaga Airport Transfers\" \/>\n<meta property=\"og:description\" content=\"Desde que iniciamos actividad, AutoSexi es una empresa familiar. Proporcionamos servicio privado de traslados al Aeropuerto de M\u00e1laga con todas las licencias exigidas y seguros obligatorios de taxis. Todos nuestros servicios discrecionales son de puerta a puerta. Cuando reserva con nosotros, obtiene un coche impecablemente limpio para usted y sus acompa\u00f1antes. AutoSexi ha estado realizando, [&hellip;]\" \/>\n<meta property=\"og:url\" content=\"https:\/\/autosexi.com\/es\/sobre-nosotros\/\" \/>\n<meta property=\"og:site_name\" content=\"AutoSexi Malaga Airport Transfers\" \/>\n<meta property=\"article:publisher\" content=\"https:\/\/www.facebook.com\/autosexisl\/\" \/>\n<meta name=\"twitter:card\" content=\"summary_large_image\" \/>\n<meta name=\"twitter:site\" content=\"@autosexi\" \/>\n<meta name=\"twitter:label1\" content=\"Tiempo de lectura\" \/>\n\t<meta name=\"twitter:data1\" content=\"8 minutos\" \/>\n<script type=\"application\/ld+json\" class=\"yoast-schema-graph\">{\"@context\":\"https:\\\/\\\/schema.org\",\"@graph\":[{\"@type\":\"WebPage\",\"@id\":\"https:\\\/\\\/autosexi.com\\\/es\\\/sobre-nosotros\\\/\",\"url\":\"https:\\\/\\\/autosexi.com\\\/es\\\/sobre-nosotros\\\/\",\"name\":\"Sobre Nosotros - AutoSexi Malaga Airport Transfers\",\"isPartOf\":{\"@id\":\"https:\\\/\\\/autosexi.com\\\/#website\"},\"datePublished\":\"2016-08-20T18:06:25+00:00\",\"breadcrumb\":{\"@id\":\"https:\\\/\\\/autosexi.com\\\/es\\\/sobre-nosotros\\\/#breadcrumb\"},\"inLanguage\":\"es\",\"potentialAction\":[{\"@type\":\"ReadAction\",\"target\":[\"https:\\\/\\\/autosexi.com\\\/es\\\/sobre-nosotros\\\/\"]}]},{\"@type\":\"BreadcrumbList\",\"@id\":\"https:\\\/\\\/autosexi.com\\\/es\\\/sobre-nosotros\\\/#breadcrumb\",\"itemListElement\":[{\"@type\":\"ListItem\",\"position\":1,\"name\":\"Home\",\"item\":\"https:\\\/\\\/autosexi.com\\\/es\\\/\"},{\"@type\":\"ListItem\",\"position\":2,\"name\":\"Sobre Nosotros\"}]},{\"@type\":\"WebSite\",\"@id\":\"https:\\\/\\\/autosexi.com\\\/#website\",\"url\":\"https:\\\/\\\/autosexi.com\\\/\",\"name\":\"AutoSexi Malaga Airport Transfers\",\"description\":\"\",\"potentialAction\":[{\"@type\":\"SearchAction\",\"target\":{\"@type\":\"EntryPoint\",\"urlTemplate\":\"https:\\\/\\\/autosexi.com\\\/?s={search_term_string}\"},\"query-input\":{\"@type\":\"PropertyValueSpecification\",\"valueRequired\":true,\"valueName\":\"search_term_string\"}}],\"inLanguage\":\"es\"}]}<\/script>\n<!-- \/ Yoast SEO plugin. -->","yoast_head_json":{"title":"Sobre Nosotros - AutoSexi Malaga Airport Transfers","robots":{"index":"index","follow":"follow","max-snippet":"max-snippet:-1","max-image-preview":"max-image-preview:large","max-video-preview":"max-video-preview:-1"},"canonical":"https:\/\/autosexi.com\/es\/sobre-nosotros\/","og_locale":"es_ES","og_type":"article","og_title":"Sobre Nosotros - AutoSexi Malaga Airport Transfers","og_description":"Desde que iniciamos actividad, AutoSexi es una empresa familiar. Proporcionamos servicio privado de traslados al Aeropuerto de M\u00e1laga con todas las licencias exigidas y seguros obligatorios de taxis. Todos nuestros servicios discrecionales son de puerta a puerta. Cuando reserva con nosotros, obtiene un coche impecablemente limpio para usted y sus acompa\u00f1antes. AutoSexi ha estado realizando, [&hellip;]","og_url":"https:\/\/autosexi.com\/es\/sobre-nosotros\/","og_site_name":"AutoSexi Malaga Airport Transfers","article_publisher":"https:\/\/www.facebook.com\/autosexisl\/","twitter_card":"summary_large_image","twitter_site":"@autosexi","twitter_misc":{"Tiempo de lectura":"8 minutos"},"schema":{"@context":"https:\/\/schema.org","@graph":[{"@type":"WebPage","@id":"https:\/\/autosexi.com\/es\/sobre-nosotros\/","url":"https:\/\/autosexi.com\/es\/sobre-nosotros\/","name":"Sobre Nosotros - AutoSexi Malaga Airport Transfers","isPartOf":{"@id":"https:\/\/autosexi.com\/#website"},"datePublished":"2016-08-20T18:06:25+00:00","breadcrumb":{"@id":"https:\/\/autosexi.com\/es\/sobre-nosotros\/#breadcrumb"},"inLanguage":"es","potentialAction":[{"@type":"ReadAction","target":["https:\/\/autosexi.com\/es\/sobre-nosotros\/"]}]},{"@type":"BreadcrumbList","@id":"https:\/\/autosexi.com\/es\/sobre-nosotros\/#breadcrumb","itemListElement":[{"@type":"ListItem","position":1,"name":"Home","item":"https:\/\/autosexi.com\/es\/"},{"@type":"ListItem","position":2,"name":"Sobre Nosotros"}]},{"@type":"WebSite","@id":"https:\/\/autosexi.com\/#website","url":"https:\/\/autosexi.com\/","name":"AutoSexi Malaga Airport Transfers","description":"","potentialAction":[{"@type":"SearchAction","target":{"@type":"EntryPoint","urlTemplate":"https:\/\/autosexi.com\/?s={search_term_string}"},"query-input":{"@type":"PropertyValueSpecification","valueRequired":true,"valueName":"search_term_string"}}],"inLanguage":"es"}]}},"_links":{"self":[{"href":"https:\/\/autosexi.com\/es\/wp-json\/wp\/v2\/pages\/6326","targetHints":{"allow":["GET"]}}],"collection":[{"href":"https:\/\/autosexi.com\/es\/wp-json\/wp\/v2\/pages"}],"about":[{"href":"https:\/\/autosexi.com\/es\/wp-json\/wp\/v2\/types\/page"}],"author":[{"embeddable":true,"href":"https:\/\/autosexi.com\/es\/wp-json\/wp\/v2\/users\/3"}],"replies":[{"embeddable":true,"href":"https:\/\/autosexi.com\/es\/wp-json\/wp\/v2\/comments?post=6326"}],"version-history":[{"count":0,"href":"https:\/\/autosexi.com\/es\/wp-json\/wp\/v2\/pages\/6326\/revisions"}],"wp:attachment":[{"href":"https:\/\/autosexi.com\/es\/wp-json\/wp\/v2\/media?parent=6326"}],"curies":[{"name":"wp","href":"https:\/\/api.w.org\/{rel}","templated":true}]}}